{"id":7069,"date":"2021-08-26T13:47:55","date_gmt":"2021-08-26T13:47:55","guid":{"rendered":"https:\/\/tintafresca.net\/?page_id=7069"},"modified":"2021-08-26T13:47:55","modified_gmt":"2021-08-26T13:47:55","slug":"estatuto-editorial","status":"publish","type":"page","link":"https:\/\/tintafresca.net\/index.php\/estatuto-editorial\/","title":{"rendered":"Estatuto Editorial"},"content":{"rendered":"<p><span class=\"fontstyle0\"><strong>Estatuto Editorial do jornal Tinta Fresca<\/strong><\/p>\n<p>1. O jornal \u201cTinta Fresca\u201d \u00e9 um jornal digital di\u00e1rio regional, de informa\u00e7\u00e3o geral, cuja<br \/>\nlinha editorial \u00e9 pluralista e sujeita a crit\u00e9rios de rigor e seriedade, independente dos<br \/>\npoderes pol\u00edtico, econ\u00f3mico e religioso.<\/p>\n<p>2. O jornal \u201cTinta Fresca\u201d pretende dar cobertura, sobretudo, atrav\u00e9s do texto e da<br \/>\nimagem, aos acontecimentos mais relevantes da regi\u00e3o, proporcionando espa\u00e7o ao<br \/>\npluralismo pol\u00edtico e aos valores da democracia e da liberdade.<\/p>\n<p>3. O jornal \u201cTinta Fresca\u201d \u00e9 um jornal humanista que defende a sustentabilidade dos<br \/>\nterrit\u00f3rios que abrange, os distritos de Leiria e Santar\u00e9m e a \u00c1rea Oeste do Distrito de<br \/>\nLisboa, mormente, nas vertentes econ\u00f3mica, ambiental e cultural.<\/p>\n<p>4- O jornal \u201cTinta Fresca\u201d defende e valoriza o conhecimento e a ci\u00eancia, como<br \/>\nmatrizes do debate p\u00fablico e da cobertura noticiosa.<\/p>\n<p>5. O jornal \u201cTinta Fresca\u201d defende a separa\u00e7\u00e3o dos factos e das opini\u00f5es, havendo<br \/>\nespa\u00e7o editorial para ambas, devidamente separadas e identificadas.<\/p>\n<p>6- O jornal \u201cTinta Fresca\u201d reconhece e respeita o direito da vida privada de todos os<br \/>\ncidad\u00e3os e separa a dimens\u00e3o p\u00fablica e a dimens\u00e3o privada dos cidad\u00e3os.<\/p>\n<p>7 &#8211; O jornal \u201cTinta Fresca\u201d rege-se, na sua atividade, pelo cumprimento escrupuloso das<br \/>\nnormas deontol\u00f3gicas e \u00e9ticas do jornalismo, em conformidade com o art\u00ba 17.\u00ba da Lei<br \/>\n2\/99 de 13 de janeiro \u2013 Lei de Imprensa.<\/p>\n<p>21 de julho de 2020<\/span><\/p>\n","protected":false},"excerpt":{"rendered":"<p>Estatuto Editorial do jornal Tinta Fresca 1. O jornal \u201cTinta Fresca\u201d \u00e9 um jornal digital di\u00e1rio regional, de informa\u00e7\u00e3o geral, cuja linha editorial \u00e9 pluralista e sujeita a crit\u00e9rios de rigor e seriedade, independente dos poderes pol\u00edtico, econ\u00f3mico e religioso. 2. O jornal \u201cTinta Fresca\u201d pretende dar cobertura, sobretudo, atrav\u00e9s do texto e da imagem, [&hellip;]<\/p>\n","protected":false},"author":1,"featured_media":0,"parent":0,"menu_order":2,"comment_status":"closed","ping_status":"closed","template":"","meta":{"footnotes":""},"class_list":["post-7069","page","type-page","status-publish","hentry"],"_links":{"self":[{"href":"https:\/\/tintafresca.net\/index.php\/wp-json\/wp\/v2\/pages\/7069","targetHints":{"allow":["GET"]}}],"collection":[{"href":"https:\/\/tintafresca.net\/index.php\/wp-json\/wp\/v2\/pages"}],"about":[{"href":"https:\/\/tintafresca.net\/index.php\/wp-json\/wp\/v2\/types\/page"}],"author":[{"embeddable":true,"href":"https:\/\/tintafresca.net\/index.php\/wp-json\/wp\/v2\/users\/1"}],"replies":[{"embeddable":true,"href":"https:\/\/tintafresca.net\/index.php\/wp-json\/wp\/v2\/comments?post=7069"}],"version-history":[{"count":2,"href":"https:\/\/tintafresca.net\/index.php\/wp-json\/wp\/v2\/pages\/7069\/revisions"}],"predecessor-version":[{"id":7071,"href":"https:\/\/tintafresca.net\/index.php\/wp-json\/wp\/v2\/pages\/7069\/revisions\/7071"}],"wp:attachment":[{"href":"https:\/\/tintafresca.net\/index.php\/wp-json\/wp\/v2\/media?parent=7069"}],"curies":[{"name":"wp","href":"https:\/\/api.w.org\/{rel}","templated":true}]}}